{"id":53,"date":"2024-04-24T08:27:55","date_gmt":"2024-04-24T08:27:55","guid":{"rendered":"http:\/\/142.132.203.237\/~randphot\/nyside\/index.php\/our-story\/"},"modified":"2024-04-28T13:04:36","modified_gmt":"2024-04-28T13:04:36","slug":"om","status":"publish","type":"page","link":"https:\/\/randphotography.dk\/index.php\/om\/","title":{"rendered":"Om"},"content":{"rendered":"\t\t<div data-elementor-type=\"wp-page\" data-elementor-id=\"53\" class=\"elementor elementor-53\">\n\t\t\t\t<div class=\"elementor-element elementor-element-4f6188d e-flex e-con-boxed e-con e-parent\" data-id=\"4f6188d\" data-element_type=\"container\">\n\t\t\t\t\t<div class=\"e-con-inner\">\n\t\t<div class=\"elementor-element elementor-element-e4f9bd5 e-con-full e-flex e-con e-child\" data-id=\"e4f9bd5\" data-element_type=\"container\">\n\t\t\t\t<div class=\"elementor-element elementor-element-4d7cce4 elementor-widget elementor-widget-text-editor\" data-id=\"4d7cce4\" data-element_type=\"widget\" data-widget_type=\"text-editor.default\">\n\t\t\t\t<div class=\"elementor-widget-container\">\n\t\t\t<style>\/*! elementor - v3.21.0 - 30-04-2024 *\/\n.elementor-widget-text-editor.elementor-drop-cap-view-stacked .elementor-drop-cap{background-color:#69727d;color:#fff}.elementor-widget-text-editor.elementor-drop-cap-view-framed .elementor-drop-cap{color:#69727d;border:3px solid;background-color:transparent}.elementor-widget-text-editor:not(.elementor-drop-cap-view-default) .elementor-drop-cap{margin-top:8px}.elementor-widget-text-editor:not(.elementor-drop-cap-view-default) .elementor-drop-cap-letter{width:1em;height:1em}.elementor-widget-text-editor .elementor-drop-cap{float:left;text-align:center;line-height:1;font-size:50px}.elementor-widget-text-editor .elementor-drop-cap-letter{display:inline-block}<\/style>\t\t\t\t<h1 class=\"ql-banner-heading ca-headings-2rnEz2\" style=\"font-weight: var(--display-heading_font-weight); line-height: var(--display-heading_line-height); margin-bottom: 0px; font-size: var(--display-heading_font-size-small); margin-top: 0px; -webkit-font-smoothing: antialiased; font-family: var(--display-heading_font-family); font-style: var(--display-heading_font-style); letter-spacing: var(--display-heading_letter-spacing); text-transform: var(--display-heading_text-transform); white-space-collapse: preserve;\"><span style=\"font-weight: 700;\">HEJ<\/span><\/h1><h2 class=\"ca-headings-2rnEz2\" style=\"font-weight: var(--heading-2_font-weight); line-height: var(--heading-2_line-height); margin-bottom: 0px; font-size: var(--heading-2_font-size-small); margin-top: 0px; -webkit-font-smoothing: antialiased; font-family: var(--heading-2_font-family); font-style: var(--heading-2_font-style); letter-spacing: var(--heading-2_letter-spacing); text-transform: var(--heading-2_text-transform); white-space-collapse: preserve;\"><span style=\"color: rgb(236, 236, 236);\">Jeg hedder Frederik Rand, og jeg er en 20-\u00e5rig fotograf fra Horsens med en br\u00e6ndende passion for at indfange livets mest betydningsfulde \u00f8jeblikke. Selvom min rejse som fritidsfotograf startede i 2023, <\/span>har jeg altid haft en stor interesse for kameraer<span style=\"color: rgb(236, 236, 236);\">. Lad mig hj\u00e6lpe med at forevige de unikke \u00f8jeblikke, der betyder mest for dig.<\/span><\/h2><p class=\"ca-paragraphs-BZQZ32 ql-paragraph-2 ql-align-center\" style=\"margin-bottom: 0px; margin-top: 0px; -webkit-font-smoothing: antialiased; font-family: var(--paragraph-2_font-family); font-style: var(--paragraph-2_font-style); font-weight: var(--paragraph-2_font-weight); letter-spacing: var(--paragraph-2_letter-spacing); line-height: var(--paragraph-2_line-height); text-transform: var(--paragraph-2_text-transform); font-size: var(--paragraph-2_font-size-small); color: var(--primary-paragraphs); text-align: center; white-space-collapse: preserve;\"><br style=\"color: rgb(255, 255, 255); font-family: &quot;Cormorant Garamond&quot;, serif; font-size: 18px;\"><\/p>\t\t\t\t\t\t<\/div>\n\t\t\t\t<\/div>\n\t\t\t\t<\/div>\n\t\t<div class=\"elementor-element elementor-element-341b0f3 e-con-full e-flex e-con e-child\" data-id=\"341b0f3\" data-element_type=\"container\">\n\t\t\t\t<div class=\"elementor-element elementor-element-cada646 elementor-widget elementor-widget-image\" data-id=\"cada646\" data-element_type=\"widget\" data-widget_type=\"image.default\">\n\t\t\t\t<div class=\"elementor-widget-container\">\n\t\t\t<style>\/*! elementor - v3.21.0 - 30-04-2024 *\/\n.elementor-widget-image{text-align:center}.elementor-widget-image a{display:inline-block}.elementor-widget-image a img[src$=\".svg\"]{width:48px}.elementor-widget-image img{vertical-align:middle;display:inline-block}<\/style>\t\t\t\t\t\t\t\t\t\t<img decoding=\"async\" src=\"https:\/\/randphotography.dk\/wp-content\/uploads\/elementor\/thumbs\/3816225b-2545-4125-a2bc-2ce6df78cf5d-qn6dvdwxfemy7l8ionsvlp3zykgd0ei9b54vd4m25s.jpg\" title=\"3816225b-2545-4125-a2bc-2ce6df78cf5d\" alt=\"3816225b-2545-4125-a2bc-2ce6df78cf5d\" loading=\"lazy\" \/>\t\t\t\t\t\t\t\t\t\t\t\t\t<\/div>\n\t\t\t\t<\/div>\n\t\t\t\t<\/div>\n\t\t\t\t\t<\/div>\n\t\t\t\t<\/div>\n\t\t<div class=\"elementor-element elementor-element-9d919f1 e-flex e-con-boxed e-con e-parent\" data-id=\"9d919f1\" data-element_type=\"container\">\n\t\t\t\t\t<div class=\"e-con-inner\">\n\t\t\t\t<div class=\"elementor-element elementor-element-eb8d36a elementor-widget elementor-widget-spacer\" data-id=\"eb8d36a\" data-element_type=\"widget\" data-widget_type=\"spacer.default\">\n\t\t\t\t<div class=\"elementor-widget-container\">\n\t\t\t<style>\/*! elementor - v3.21.0 - 30-04-2024 *\/\n.elementor-column .elementor-spacer-inner{height:var(--spacer-size)}.e-con{--container-widget-width:100%}.e-con-inner>.elementor-widget-spacer,.e-con>.elementor-widget-spacer{width:var(--container-widget-width,var(--spacer-size));--align-self:var(--container-widget-align-self,initial);--flex-shrink:0}.e-con-inner>.elementor-widget-spacer>.elementor-widget-container,.e-con>.elementor-widget-spacer>.elementor-widget-container{height:100%;width:100%}.e-con-inner>.elementor-widget-spacer>.elementor-widget-container>.elementor-spacer,.e-con>.elementor-widget-spacer>.elementor-widget-container>.elementor-spacer{height:100%}.e-con-inner>.elementor-widget-spacer>.elementor-widget-container>.elementor-spacer>.elementor-spacer-inner,.e-con>.elementor-widget-spacer>.elementor-widget-container>.elementor-spacer>.elementor-spacer-inner{height:var(--container-widget-height,var(--spacer-size))}.e-con-inner>.elementor-widget-spacer.elementor-widget-empty,.e-con>.elementor-widget-spacer.elementor-widget-empty{position:relative;min-height:22px;min-width:22px}.e-con-inner>.elementor-widget-spacer.elementor-widget-empty .elementor-widget-empty-icon,.e-con>.elementor-widget-spacer.elementor-widget-empty .elementor-widget-empty-icon{position:absolute;top:0;bottom:0;left:0;right:0;margin:auto;padding:0;width:22px;height:22px}<\/style>\t\t<div class=\"elementor-spacer\">\n\t\t\t<div class=\"elementor-spacer-inner\"><\/div>\n\t\t<\/div>\n\t\t\t\t<\/div>\n\t\t\t\t<\/div>\n\t\t\t\t\t<\/div>\n\t\t\t\t<\/div>\n\t\t<div class=\"elementor-element elementor-element-5768fd0 e-flex e-con-boxed e-con e-parent\" data-id=\"5768fd0\" data-element_type=\"container\">\n\t\t\t\t\t<div class=\"e-con-inner\">\n\t\t<div class=\"elementor-element elementor-element-d6a1736 e-con-full e-flex e-con e-child\" data-id=\"d6a1736\" data-element_type=\"container\">\n\t\t\t\t<div class=\"elementor-element elementor-element-13e4e94 elementor-widget elementor-widget-image\" data-id=\"13e4e94\" data-element_type=\"widget\" data-widget_type=\"image.default\">\n\t\t\t\t<div class=\"elementor-widget-container\">\n\t\t\t\t\t\t\t\t\t\t\t\t\t<img decoding=\"async\" src=\"https:\/\/randphotography.dk\/wp-content\/uploads\/elementor\/thumbs\/694af0d7-fd3f-4fac-b12e-8b17e9017095-qn6dvcz38klnvz9vu5e917cjd6kzspeiz0hdvungc0.jpg\" title=\"694af0d7-fd3f-4fac-b12e-8b17e9017095\" alt=\"694af0d7-fd3f-4fac-b12e-8b17e9017095\" loading=\"lazy\" \/>\t\t\t\t\t\t\t\t\t\t\t\t\t<\/div>\n\t\t\t\t<\/div>\n\t\t\t\t<\/div>\n\t\t<div class=\"elementor-element elementor-element-a61e1a4 e-con-full e-flex e-con e-child\" data-id=\"a61e1a4\" data-element_type=\"container\">\n\t\t\t\t<div class=\"elementor-element elementor-element-267cbe7 elementor-widget elementor-widget-text-editor\" data-id=\"267cbe7\" data-element_type=\"widget\" data-widget_type=\"text-editor.default\">\n\t\t\t\t<div class=\"elementor-widget-container\">\n\t\t\t\t\t\t\t<h1 class=\"ca-headings-2vX98N ql-banner-heading\" style=\"font-weight: var(--display-heading_font-weight); line-height: var(--display-heading_line-height); margin-bottom: 0px; font-size: var(--display-heading_font-size-small); margin-top: 0px; -webkit-font-smoothing: antialiased; font-family: var(--display-heading_font-family); letter-spacing: var(--display-heading_letter-spacing); text-transform: var(--display-heading_text-transform); white-space-collapse: preserve;\"><span style=\"font-weight: bold;\">RAND PHOTOGRAPHY<\/span><\/h1><h2 class=\"ca-headings-2vX98N\" style=\"font-weight: var(--heading-2_font-weight); line-height: var(--heading-2_line-height); margin-bottom: 0px; font-size: var(--heading-2_font-size-small); margin-top: 0px; -webkit-font-smoothing: antialiased; font-family: var(--heading-2_font-family); white-space-collapse: preserve;\">Ved Rand Photography skaber vi tryghed fra den f\u00f8rste uforpligtende samtale til det endelige resultat er leveret. At fange de perfekte \u00f8jeblikke p\u00e5 en naturlig m\u00e5de kr\u00e6ver god kemi med fotografen. N\u00e5r kemien er p\u00e5 plads, kan du fokusere 100% p\u00e5 \u00f8jeblikket.<\/h2><p class=\"ql-paragraph-2 ca-paragraphs-gPEXW2 animatable animatable--fade-on-scaleDown animatable--fade-on-scaleUp animatable--fade-on-revealRight\" style=\"margin-bottom: 0px; margin-top: 0px; -webkit-font-smoothing: antialiased; font-family: 'Cormorant Garamond', serif; line-height: var(--paragraph-2_line-height); font-size: 18px; color: var(--primary-paragraphs); white-space-collapse: preserve; --initial-opacity: 1; --initial-scale: 1; --initial-translatex: 0%; --initial-translatey: 0%;\">\u00a0<\/p><h2 class=\"ca-headings-2vX98N animatable animatable--large-title\" style=\"font-weight: var(--heading-2_font-weight); line-height: var(--heading-2_line-height); margin-bottom: 0px; font-size: var(--heading-2_font-size-small); margin-top: 0px; -webkit-font-smoothing: antialiased; font-family: var(--heading-2_font-family); white-space-collapse: preserve; --initial-opacity: 1; --initial-scale: 1; --initial-translatex: 0%; --initial-translatey: 0%;\">Kundetilfredshed er afg\u00f8rende, og jeg sikrer, at b\u00e5de fotografering og efterbehandling opfylder dine behov og \u00f8nsker. Lad Rand Photography forevige livets vigtigste \u00f8jeblikke for dig.<\/h2>\t\t\t\t\t\t<\/div>\n\t\t\t\t<\/div>\n\t\t\t\t<\/div>\n\t\t\t\t\t<\/div>\n\t\t\t\t<\/div>\n\t\t<div class=\"elementor-element elementor-element-b73b714 e-flex e-con-boxed e-con e-parent\" data-id=\"b73b714\" data-element_type=\"container\">\n\t\t\t\t\t<div class=\"e-con-inner\">\n\t\t\t\t<div class=\"elementor-element elementor-element-ffa5b5a elementor-widget elementor-widget-spacer\" data-id=\"ffa5b5a\" data-element_type=\"widget\" data-widget_type=\"spacer.default\">\n\t\t\t\t<div class=\"elementor-widget-container\">\n\t\t\t\t\t<div class=\"elementor-spacer\">\n\t\t\t<div class=\"elementor-spacer-inner\"><\/div>\n\t\t<\/div>\n\t\t\t\t<\/div>\n\t\t\t\t<\/div>\n\t\t\t\t<div class=\"elementor-element elementor-element-d1597bf elementor-widget elementor-widget-text-editor\" data-id=\"d1597bf\" data-element_type=\"widget\" data-widget_type=\"text-editor.default\">\n\t\t\t\t<div class=\"elementor-widget-container\">\n\t\t\t\t\t\t\t<p>\u00a9 2024 Rand-Photography<\/p>\t\t\t\t\t\t<\/div>\n\t\t\t\t<\/div>\n\t\t\t\t\t<\/div>\n\t\t\t\t<\/div>\n\t\t\t\t<\/div>\n\t\t","protected":false},"excerpt":{"rendered":"<p>HEJ Jeg hedder Frederik Rand, og jeg er en 20-\u00e5rig fotograf fra Horsens med en br\u00e6ndende passion for at indfange livets mest betydningsfulde \u00f8jeblikke. Selvom min rejse som fritidsfotograf startede i 2023, har jeg altid haft en stor interesse for kameraer. Lad mig hj\u00e6lpe med at forevige de unikke \u00f8jeblikke, der betyder mest for dig. [&hellip;]<\/p>\n","protected":false},"author":1,"featured_media":0,"parent":0,"menu_order":0,"comment_status":"closed","ping_status":"closed","template":"elementor_header_footer","meta":{"footnotes":""},"class_list":["post-53","page","type-page","status-publish","hentry"],"yoast_head":"<!-- This site is optimized with the Yoast SEO plugin v22.6 - https:\/\/yoast.com\/wordpress\/plugins\/seo\/ -->\n<title>Om - RandPhotography<\/title>\n<meta name=\"description\" content=\"20-\u00e5rig fotograf fra Horsens med en br\u00e6ndende passion for at indfange livets mest betydningsfulde \u00f8jeblikke.\" \/>\n<meta name=\"robots\" content=\"index, follow, max-snippet:-1, max-image-preview:large, max-video-preview:-1\" \/>\n<link rel=\"canonical\" href=\"https:\/\/randphotography.dk\/index.php\/om\/\" \/>\n<meta property=\"og:locale\" content=\"da_DK\" \/>\n<meta property=\"og:type\" content=\"article\" \/>\n<meta property=\"og:title\" content=\"Om - RandPhotography\" \/>\n<meta property=\"og:description\" content=\"20-\u00e5rig fotograf fra Horsens med en br\u00e6ndende passion for at indfange livets mest betydningsfulde \u00f8jeblikke.\" \/>\n<meta property=\"og:url\" content=\"https:\/\/randphotography.dk\/index.php\/om\/\" \/>\n<meta property=\"og:site_name\" content=\"RandPhotography\" \/>\n<meta property=\"article:modified_time\" content=\"2024-04-28T13:04:36+00:00\" \/>\n<meta property=\"og:image\" content=\"https:\/\/randphotography.dk\/wp-content\/uploads\/elementor\/thumbs\/3816225b-2545-4125-a2bc-2ce6df78cf5d-qn6dvdwxfemy7l8ionsvlp3zykgd0ei9b54vd4m25s.jpg\" \/>\n<meta name=\"twitter:card\" content=\"summary_large_image\" \/>\n<meta name=\"twitter:label1\" content=\"Estimeret l\u00e6setid\" \/>\n\t<meta name=\"twitter:data1\" content=\"2 minutter\" \/>\n<script type=\"application\/ld+json\" class=\"yoast-schema-graph\">{\"@context\":\"https:\/\/schema.org\",\"@graph\":[{\"@type\":\"WebPage\",\"@id\":\"https:\/\/randphotography.dk\/index.php\/om\/\",\"url\":\"https:\/\/randphotography.dk\/index.php\/om\/\",\"name\":\"Om - RandPhotography\",\"isPartOf\":{\"@id\":\"https:\/\/randphotography.dk\/#website\"},\"primaryImageOfPage\":{\"@id\":\"https:\/\/randphotography.dk\/index.php\/om\/#primaryimage\"},\"image\":{\"@id\":\"https:\/\/randphotography.dk\/index.php\/om\/#primaryimage\"},\"thumbnailUrl\":\"https:\/\/randphotography.dk\/wp-content\/uploads\/elementor\/thumbs\/3816225b-2545-4125-a2bc-2ce6df78cf5d-qn6dvdwxfemy7l8ionsvlp3zykgd0ei9b54vd4m25s.jpg\",\"datePublished\":\"2024-04-24T08:27:55+00:00\",\"dateModified\":\"2024-04-28T13:04:36+00:00\",\"description\":\"20-\u00e5rig fotograf fra Horsens med en br\u00e6ndende passion for at indfange livets mest betydningsfulde \u00f8jeblikke.\",\"breadcrumb\":{\"@id\":\"https:\/\/randphotography.dk\/index.php\/om\/#breadcrumb\"},\"inLanguage\":\"da-DK\",\"potentialAction\":[{\"@type\":\"ReadAction\",\"target\":[\"https:\/\/randphotography.dk\/index.php\/om\/\"]}]},{\"@type\":\"ImageObject\",\"inLanguage\":\"da-DK\",\"@id\":\"https:\/\/randphotography.dk\/index.php\/om\/#primaryimage\",\"url\":\"https:\/\/randphotography.dk\/wp-content\/uploads\/elementor\/thumbs\/3816225b-2545-4125-a2bc-2ce6df78cf5d-qn6dvdwxfemy7l8ionsvlp3zykgd0ei9b54vd4m25s.jpg\",\"contentUrl\":\"https:\/\/randphotography.dk\/wp-content\/uploads\/elementor\/thumbs\/3816225b-2545-4125-a2bc-2ce6df78cf5d-qn6dvdwxfemy7l8ionsvlp3zykgd0ei9b54vd4m25s.jpg\"},{\"@type\":\"BreadcrumbList\",\"@id\":\"https:\/\/randphotography.dk\/index.php\/om\/#breadcrumb\",\"itemListElement\":[{\"@type\":\"ListItem\",\"position\":1,\"name\":\"Hjem\",\"item\":\"https:\/\/randphotography.dk\/\"},{\"@type\":\"ListItem\",\"position\":2,\"name\":\"Om\"}]},{\"@type\":\"WebSite\",\"@id\":\"https:\/\/randphotography.dk\/#website\",\"url\":\"https:\/\/randphotography.dk\/\",\"name\":\"Rand-Photography\",\"description\":\"\",\"publisher\":{\"@id\":\"https:\/\/randphotography.dk\/#organization\"},\"potentialAction\":[{\"@type\":\"SearchAction\",\"target\":{\"@type\":\"EntryPoint\",\"urlTemplate\":\"https:\/\/randphotography.dk\/?s={search_term_string}\"},\"query-input\":\"required name=search_term_string\"}],\"inLanguage\":\"da-DK\"},{\"@type\":\"Organization\",\"@id\":\"https:\/\/randphotography.dk\/#organization\",\"name\":\"Rand-Photography\",\"url\":\"https:\/\/randphotography.dk\/\",\"logo\":{\"@type\":\"ImageObject\",\"inLanguage\":\"da-DK\",\"@id\":\"https:\/\/randphotography.dk\/#\/schema\/logo\/image\/\",\"url\":\"https:\/\/randphotography.dk\/wp-content\/uploads\/2024\/04\/watermark-GULD.png\",\"contentUrl\":\"https:\/\/randphotography.dk\/wp-content\/uploads\/2024\/04\/watermark-GULD.png\",\"width\":3821,\"height\":3863,\"caption\":\"Rand-Photography\"},\"image\":{\"@id\":\"https:\/\/randphotography.dk\/#\/schema\/logo\/image\/\"}}]}<\/script>\n<!-- \/ Yoast SEO plugin. -->","yoast_head_json":{"title":"Om - RandPhotography","description":"20-\u00e5rig fotograf fra Horsens med en br\u00e6ndende passion for at indfange livets mest betydningsfulde \u00f8jeblikke.","robots":{"index":"index","follow":"follow","max-snippet":"max-snippet:-1","max-image-preview":"max-image-preview:large","max-video-preview":"max-video-preview:-1"},"canonical":"https:\/\/randphotography.dk\/index.php\/om\/","og_locale":"da_DK","og_type":"article","og_title":"Om - RandPhotography","og_description":"20-\u00e5rig fotograf fra Horsens med en br\u00e6ndende passion for at indfange livets mest betydningsfulde \u00f8jeblikke.","og_url":"https:\/\/randphotography.dk\/index.php\/om\/","og_site_name":"RandPhotography","article_modified_time":"2024-04-28T13:04:36+00:00","og_image":[{"url":"https:\/\/randphotography.dk\/wp-content\/uploads\/elementor\/thumbs\/3816225b-2545-4125-a2bc-2ce6df78cf5d-qn6dvdwxfemy7l8ionsvlp3zykgd0ei9b54vd4m25s.jpg"}],"twitter_card":"summary_large_image","twitter_misc":{"Estimeret l\u00e6setid":"2 minutter"},"schema":{"@context":"https:\/\/schema.org","@graph":[{"@type":"WebPage","@id":"https:\/\/randphotography.dk\/index.php\/om\/","url":"https:\/\/randphotography.dk\/index.php\/om\/","name":"Om - RandPhotography","isPartOf":{"@id":"https:\/\/randphotography.dk\/#website"},"primaryImageOfPage":{"@id":"https:\/\/randphotography.dk\/index.php\/om\/#primaryimage"},"image":{"@id":"https:\/\/randphotography.dk\/index.php\/om\/#primaryimage"},"thumbnailUrl":"https:\/\/randphotography.dk\/wp-content\/uploads\/elementor\/thumbs\/3816225b-2545-4125-a2bc-2ce6df78cf5d-qn6dvdwxfemy7l8ionsvlp3zykgd0ei9b54vd4m25s.jpg","datePublished":"2024-04-24T08:27:55+00:00","dateModified":"2024-04-28T13:04:36+00:00","description":"20-\u00e5rig fotograf fra Horsens med en br\u00e6ndende passion for at indfange livets mest betydningsfulde \u00f8jeblikke.","breadcrumb":{"@id":"https:\/\/randphotography.dk\/index.php\/om\/#breadcrumb"},"inLanguage":"da-DK","potentialAction":[{"@type":"ReadAction","target":["https:\/\/randphotography.dk\/index.php\/om\/"]}]},{"@type":"ImageObject","inLanguage":"da-DK","@id":"https:\/\/randphotography.dk\/index.php\/om\/#primaryimage","url":"https:\/\/randphotography.dk\/wp-content\/uploads\/elementor\/thumbs\/3816225b-2545-4125-a2bc-2ce6df78cf5d-qn6dvdwxfemy7l8ionsvlp3zykgd0ei9b54vd4m25s.jpg","contentUrl":"https:\/\/randphotography.dk\/wp-content\/uploads\/elementor\/thumbs\/3816225b-2545-4125-a2bc-2ce6df78cf5d-qn6dvdwxfemy7l8ionsvlp3zykgd0ei9b54vd4m25s.jpg"},{"@type":"BreadcrumbList","@id":"https:\/\/randphotography.dk\/index.php\/om\/#breadcrumb","itemListElement":[{"@type":"ListItem","position":1,"name":"Hjem","item":"https:\/\/randphotography.dk\/"},{"@type":"ListItem","position":2,"name":"Om"}]},{"@type":"WebSite","@id":"https:\/\/randphotography.dk\/#website","url":"https:\/\/randphotography.dk\/","name":"Rand-Photography","description":"","publisher":{"@id":"https:\/\/randphotography.dk\/#organization"},"potentialAction":[{"@type":"SearchAction","target":{"@type":"EntryPoint","urlTemplate":"https:\/\/randphotography.dk\/?s={search_term_string}"},"query-input":"required name=search_term_string"}],"inLanguage":"da-DK"},{"@type":"Organization","@id":"https:\/\/randphotography.dk\/#organization","name":"Rand-Photography","url":"https:\/\/randphotography.dk\/","logo":{"@type":"ImageObject","inLanguage":"da-DK","@id":"https:\/\/randphotography.dk\/#\/schema\/logo\/image\/","url":"https:\/\/randphotography.dk\/wp-content\/uploads\/2024\/04\/watermark-GULD.png","contentUrl":"https:\/\/randphotography.dk\/wp-content\/uploads\/2024\/04\/watermark-GULD.png","width":3821,"height":3863,"caption":"Rand-Photography"},"image":{"@id":"https:\/\/randphotography.dk\/#\/schema\/logo\/image\/"}}]}},"_links":{"self":[{"href":"https:\/\/randphotography.dk\/index.php\/wp-json\/wp\/v2\/pages\/53","targetHints":{"allow":["GET"]}}],"collection":[{"href":"https:\/\/randphotography.dk\/index.php\/wp-json\/wp\/v2\/pages"}],"about":[{"href":"https:\/\/randphotography.dk\/index.php\/wp-json\/wp\/v2\/types\/page"}],"author":[{"embeddable":true,"href":"https:\/\/randphotography.dk\/index.php\/wp-json\/wp\/v2\/users\/1"}],"replies":[{"embeddable":true,"href":"https:\/\/randphotography.dk\/index.php\/wp-json\/wp\/v2\/comments?post=53"}],"version-history":[{"count":31,"href":"https:\/\/randphotography.dk\/index.php\/wp-json\/wp\/v2\/pages\/53\/revisions"}],"predecessor-version":[{"id":383,"href":"https:\/\/randphotography.dk\/index.php\/wp-json\/wp\/v2\/pages\/53\/revisions\/383"}],"wp:attachment":[{"href":"https:\/\/randphotography.dk\/index.php\/wp-json\/wp\/v2\/media?parent=53"}],"curies":[{"name":"wp","href":"https:\/\/api.w.org\/{rel}","templated":true}]}}