{"id":234,"date":"2024-04-24T11:03:36","date_gmt":"2024-04-24T11:03:36","guid":{"rendered":"http:\/\/142.132.203.237\/~randphot\/nyside\/?page_id=234"},"modified":"2024-05-03T13:04:59","modified_gmt":"2024-05-03T13:04:59","slug":"handelsbetingelser","status":"publish","type":"page","link":"https:\/\/randphotography.dk\/index.php\/handelsbetingelser\/","title":{"rendered":"Handelsbetingelser"},"content":{"rendered":"\t\t<div data-elementor-type=\"wp-page\" data-elementor-id=\"234\" class=\"elementor elementor-234\">\n\t\t\t\t<div class=\"elementor-element elementor-element-2904c70 e-flex e-con-boxed e-con e-parent\" data-id=\"2904c70\" data-element_type=\"container\">\n\t\t\t\t\t<div class=\"e-con-inner\">\n\t\t\t\t<div class=\"elementor-element elementor-element-32f261b elementor-widget elementor-widget-heading\" data-id=\"32f261b\" data-element_type=\"widget\" data-widget_type=\"heading.default\">\n\t\t\t\t<div class=\"elementor-widget-container\">\n\t\t\t<style>\/*! elementor - v3.21.0 - 30-04-2024 *\/\n.elementor-heading-title{padding:0;margin:0;line-height:1}.elementor-widget-heading .elementor-heading-title[class*=elementor-size-]>a{color:inherit;font-size:inherit;line-height:inherit}.elementor-widget-heading .elementor-heading-title.elementor-size-small{font-size:15px}.elementor-widget-heading .elementor-heading-title.elementor-size-medium{font-size:19px}.elementor-widget-heading .elementor-heading-title.elementor-size-large{font-size:29px}.elementor-widget-heading .elementor-heading-title.elementor-size-xl{font-size:39px}.elementor-widget-heading .elementor-heading-title.elementor-size-xxl{font-size:59px}<\/style><h2 class=\"elementor-heading-title elementor-size-default\">Handelsbetingelser<\/h2>\t\t<\/div>\n\t\t\t\t<\/div>\n\t\t\t\t\t<\/div>\n\t\t\t\t<\/div>\n\t\t<div class=\"elementor-element elementor-element-79a5824 e-flex e-con-boxed e-con e-parent\" data-id=\"79a5824\" data-element_type=\"container\">\n\t\t\t\t\t<div class=\"e-con-inner\">\n\t\t\t\t<div class=\"elementor-element elementor-element-794b9e7 elementor-widget elementor-widget-spacer\" data-id=\"794b9e7\" data-element_type=\"widget\" data-widget_type=\"spacer.default\">\n\t\t\t\t<div class=\"elementor-widget-container\">\n\t\t\t<style>\/*! elementor - v3.21.0 - 30-04-2024 *\/\n.elementor-column .elementor-spacer-inner{height:var(--spacer-size)}.e-con{--container-widget-width:100%}.e-con-inner>.elementor-widget-spacer,.e-con>.elementor-widget-spacer{width:var(--container-widget-width,var(--spacer-size));--align-self:var(--container-widget-align-self,initial);--flex-shrink:0}.e-con-inner>.elementor-widget-spacer>.elementor-widget-container,.e-con>.elementor-widget-spacer>.elementor-widget-container{height:100%;width:100%}.e-con-inner>.elementor-widget-spacer>.elementor-widget-container>.elementor-spacer,.e-con>.elementor-widget-spacer>.elementor-widget-container>.elementor-spacer{height:100%}.e-con-inner>.elementor-widget-spacer>.elementor-widget-container>.elementor-spacer>.elementor-spacer-inner,.e-con>.elementor-widget-spacer>.elementor-widget-container>.elementor-spacer>.elementor-spacer-inner{height:var(--container-widget-height,var(--spacer-size))}.e-con-inner>.elementor-widget-spacer.elementor-widget-empty,.e-con>.elementor-widget-spacer.elementor-widget-empty{position:relative;min-height:22px;min-width:22px}.e-con-inner>.elementor-widget-spacer.elementor-widget-empty .elementor-widget-empty-icon,.e-con>.elementor-widget-spacer.elementor-widget-empty .elementor-widget-empty-icon{position:absolute;top:0;bottom:0;left:0;right:0;margin:auto;padding:0;width:22px;height:22px}<\/style>\t\t<div class=\"elementor-spacer\">\n\t\t\t<div class=\"elementor-spacer-inner\"><\/div>\n\t\t<\/div>\n\t\t\t\t<\/div>\n\t\t\t\t<\/div>\n\t\t\t\t<div class=\"elementor-element elementor-element-28f2620 elementor-widget__width-initial elementor-widget elementor-widget-text-editor\" data-id=\"28f2620\" data-element_type=\"widget\" data-widget_type=\"text-editor.default\">\n\t\t\t\t<div class=\"elementor-widget-container\">\n\t\t\t<style>\/*! elementor - v3.21.0 - 30-04-2024 *\/\n.elementor-widget-text-editor.elementor-drop-cap-view-stacked .elementor-drop-cap{background-color:#69727d;color:#fff}.elementor-widget-text-editor.elementor-drop-cap-view-framed .elementor-drop-cap{color:#69727d;border:3px solid;background-color:transparent}.elementor-widget-text-editor:not(.elementor-drop-cap-view-default) .elementor-drop-cap{margin-top:8px}.elementor-widget-text-editor:not(.elementor-drop-cap-view-default) .elementor-drop-cap-letter{width:1em;height:1em}.elementor-widget-text-editor .elementor-drop-cap{float:left;text-align:center;line-height:1;font-size:50px}.elementor-widget-text-editor .elementor-drop-cap-letter{display:inline-block}<\/style>\t\t\t\t<h5><b>ACCEPT AF HANDELSBETINGELSERNE<\/b><\/h5>\n<p>Ved hvert k\u00f8b skal du acceptere vilk\u00e5rene i handelsbetingelserne. Derfor opfordres du som kunde ogs\u00e5 til at l\u00e6se alle betingelserne igennem grundigt, s\u00e5 du er bekendt med forpligtelser og rettigheder. Alle kunder modtager et link til betingelserne n\u00e5r de modtager en bekr\u00e6ftelse af deres ordre pr. e-mail. K\u00f8bsaftaler er f\u00f8rst bindene, n\u00e5r ordrebekr\u00e6ftelsen er modtaget p\u00e5 mail fra Rand Photography.<\/p>\n<p><\/p>\n<h5><b>DEPOSITUM<\/b><\/h5>\n<p>Ved booking betales det fulde bel\u00f8b. Depositummet udg\u00f8r 50% af det fulde bel\u00f8b, og refunderes ikke ved afbud\/udeblivelse. I tilf\u00e6lde af udeblivelse eller afbud, tilbagebetaler Rand Photography de resterende 50% af det fulde bel\u00f8b. Betaling kan ske enten med bankoverf\u00f8rsel eller MobilePay via fakturaen. Husk at oplyse faktura nr.<\/p>\n<p><\/p>\n<h5><b>FORTRYDELSESRET<\/b><\/h5>\n<p>Som kunde skal du v\u00e6re opm\u00e6rksom p\u00e5, at den normale fortrydelsesret p\u00e5 14 dage bortfalder ved kundetilpassede produkter. Fortrydelsesretten for fotograferingen frafalder, s\u00e5 snart fotograferingen er p\u00e5begyndt. Fortrydelsesretten for de leverede digitale billeder frafalder, s\u00e5 snart disse er udvalgt og downloadet af kunden jf. forbrugeraftaleloven \u00a718, Stk. 1 &amp; 2.<\/p>\n<p>Hvis kunden \u00f8nsker at benytte sin fortrydelsesret f\u00f8r de digitale billeder er leveret til kunden, faktureres denne for d\u00e9n tid, som fotografen har brugt p\u00e5 redigeringen af disse billeder, som kompensation. Gennemsnitlig redigering pr. billede 15-20 minutter. Fotografens timel\u00f8n er 200 kr.<\/p>\n<p><\/p>\n<h5><b>PERSONDATAPOLITIK<\/b><\/h5>\n<p>Eventuelle personlige oplysninger, data og billeder som Rand Photography kommer i besidelse af, bliver hverken overdraget eller solgt til r\u00e5dighed for tredjepart. Registrering af personoplysninger foretages med henblik p\u00e5 at kunne levere varen til dig.<\/p>\n<p>Personlige oplysninger som vi skal bruge inkluderer: Navn, Adresse, Land, E-mail og telefonnummer.<\/p>\n<p>Hjemmesiden benytter sig af cookies. Disse kan slettes igen, n\u00e5r det \u00f8nskes. Hvordan du sletter disse afh\u00e6nger af den browser du bruger (Chrome, Firefox, Safari etc.) og p\u00e5 hvilken enhed (mobil, tablet, pc, mac). Det er typisk under Indstillinger -&gt; Sikkerhed og Privatliv, men kan variere fra browser til browser.<\/p>\n<p>Ved at acceptere disse betingelser giver kunden samtykke til at modtage tilbud og markeds-f\u00f8ringsmateriale fra Rand Photography via E-mail. Kunden kan til enhver tid framelde sig disse henvendelser ved at skrive til Kontakt@randphotography.dk.<\/p>\n<p><\/p>\n<h5><b>REKLAMATION<\/b><\/h5>\n<p>Kunder har 24 m\u00e5neders reklamationsret p\u00e5 alle varer. Reklamationsretten betyder, at du som kunde kan klage over fejl og mangler ved produktet, som er opst\u00e5et i op til 24 m\u00e5neder efter k\u00f8bet. V\u00e6r opm\u00e6rksom p\u00e5, at manglerne ikke m\u00e5 v\u00e6re opst\u00e5et som f\u00f8lge af fejlagtigt brug af produktet, eller anden skadeforvoldende adf\u00e6rd, der har medf\u00f8rt manglen.<\/p>\n<p>Reklamationen skal finde sted indenfor rimelig tid efter, at manglen er konstateret. Reklamerer du inden 2 m\u00e5neder, anses reklamationen altid for at v\u00e6re rettidig. Hvis reklamationen er berettiget, kan du som forbruger kr\u00e6ve omlevering af varen, s\u00e5 l\u00e6nge den ikke medf\u00f8rer urimelige omkostninger for Rand Photography, eller ikke l\u00e6ngere er mulig.<\/p>\n<p>V\u00e6r opm\u00e6rksom p\u00e5, at fotografen ikke er forpligtet til at opbevare kundens billeder som backup, hvis kunden skulle miste disse. Eventuelt mistede billeder er ikke fotografens ansvar, s\u00e5 snart de er downloadet af kunden.<\/p>\n<p><\/p>\n<h5><b>FOTOGRAFERING AF FOLK UNDER 18 \u00c5R<\/b><\/h5>\n<p>Hvis Rand Photography skal tage billeder af en person under 18 \u00e5r, kr\u00e6ves det, at kontrakten om fotografering underskrives af personens v\u00e6rge. Dette g\u00f8r sig blandt andet g\u00e6ldende, n\u00e5r det kommer til konfirmationsbilleder ved Rand Photography.<\/p>\n<p><strong>&nbsp;<\/strong><\/p>\n<h5><b>OPHAVSRET<\/b><\/h5>\n<p>Kunden er udelukkende ansvarlig for indholdet af de overf\u00f8rte billedfiler. Alle f\u00f8lger af en eventuel kr\u00e6nkelse af disse rettigheder er alene kundens ansvar. S\u00e5fremt Rand Photography f\u00e5r kendskab til, at kunden muligvis ikke overholder bestemmelserne, forbeholder Rand Photography sig retten til straks at inddrage de n\u00f8dvendige og relevante myndigheder herunnder at foretage politianmeldelse.<\/p>\n<p>Alt indhold p\u00e5 hjemmesiden er ophavsretslig beskyttet, og tilh\u00f8rer Rand Photography. Hele eller dele af billeder p\u00e5 hjemmesiden m\u00e5 ikke bruges uden Rand Photography&#8217;s forudg\u00e5ende tilladelse.<\/p>\n<p><\/p>\n<h5><b>KONTRAKT OG FAKTURA<\/b><\/h5>\n<p>F\u00f8r kunden har en skriftlig aftale med Rand Photography, skal den tilsendte kontrakt printes ud og underskrives skriftligt. Herefter skal den indscannes og sendes retur til Rand Photography. S\u00e5fremt man befinder sig i Horsens, kan det ogs\u00e5 v\u00e6re muligt at underskrive kontrakten p\u00e5 papir. Dette skal aftales med Rand Photography telefonisk eller p\u00e5 mail.<\/p>\n<p>N\u00e5r kontrakten er underskrevet sendes der en faktura til kunden, hvoraf det fulde bel\u00f8b skal betales. V\u00e6r opm\u00e6rksom p\u00e5, at fakturaen bliver sendt af Factofly, og skal betlaes til dem, som det fremg\u00e5r af fakturaen. F\u00f8rst n\u00e5r fakturaen er betalt, og kontrakten er modtaget ved Rand Photography i underskrevet form, har vi en bindende aftale. Bem\u00e6rk at depositummet, der udg\u00f8res af 50% af det samlede bel\u00f8b, ikke refunderes ved afbud\/udeblivelse.<\/p>\n<p><strong>&nbsp;<\/strong><\/p>\n<h5><b>FACTOFLY<\/b><\/h5>\n<p>Bem\u00e6rk at jeg arbejder som freelancer, og kunder faktureres af firmaet Factofly. Da Factofly er CVR-registreret er alle priser p\u00e5 hjemmesiden inkl. moms.<\/p>\t\t\t\t\t\t<\/div>\n\t\t\t\t<\/div>\n\t\t\t\t\t<\/div>\n\t\t\t\t<\/div>\n\t\t<div class=\"elementor-element elementor-element-d471e5c e-flex e-con-boxed e-con e-parent\" data-id=\"d471e5c\" data-element_type=\"container\">\n\t\t\t\t\t<div class=\"e-con-inner\">\n\t\t\t\t<div class=\"elementor-element elementor-element-9b35151 elementor-widget elementor-widget-spacer\" data-id=\"9b35151\" data-element_type=\"widget\" data-widget_type=\"spacer.default\">\n\t\t\t\t<div class=\"elementor-widget-container\">\n\t\t\t\t\t<div class=\"elementor-spacer\">\n\t\t\t<div class=\"elementor-spacer-inner\"><\/div>\n\t\t<\/div>\n\t\t\t\t<\/div>\n\t\t\t\t<\/div>\n\t\t\t\t\t<\/div>\n\t\t\t\t<\/div>\n\t\t<div class=\"elementor-element elementor-element-1b0e27f e-flex e-con-boxed e-con e-parent\" data-id=\"1b0e27f\" data-element_type=\"container\">\n\t\t\t\t\t<div class=\"e-con-inner\">\n\t\t\t\t<div class=\"elementor-element elementor-element-77a3f87 elementor-widget elementor-widget-text-editor\" data-id=\"77a3f87\" data-element_type=\"widget\" data-widget_type=\"text-editor.default\">\n\t\t\t\t<div class=\"elementor-widget-container\">\n\t\t\t\t\t\t\t<p>\u00a9 2024 Rand-Photography<\/p>\t\t\t\t\t\t<\/div>\n\t\t\t\t<\/div>\n\t\t\t\t\t<\/div>\n\t\t\t\t<\/div>\n\t\t\t\t<\/div>\n\t\t","protected":false},"excerpt":{"rendered":"<p>Handelsbetingelser ACCEPT AF HANDELSBETINGELSERNE Ved hvert k\u00f8b skal du acceptere vilk\u00e5rene i handelsbetingelserne. Derfor opfordres du som kunde ogs\u00e5 til at l\u00e6se alle betingelserne igennem grundigt, s\u00e5 du er bekendt med forpligtelser og rettigheder. Alle kunder modtager et link til betingelserne n\u00e5r de modtager en bekr\u00e6ftelse af deres ordre pr. e-mail. K\u00f8bsaftaler er f\u00f8rst bindene, [&hellip;]<\/p>\n","protected":false},"author":1,"featured_media":0,"parent":0,"menu_order":0,"comment_status":"closed","ping_status":"closed","template":"","meta":{"footnotes":""},"class_list":["post-234","page","type-page","status-publish","hentry"],"yoast_head":"<!-- This site is optimized with the Yoast SEO plugin v22.6 - https:\/\/yoast.com\/wordpress\/plugins\/seo\/ -->\n<title>Handelsbetingelser - RandPhotography<\/title>\n<meta name=\"description\" content=\"L\u00e6s de handelsbetingelser, der g\u00f8r sig g\u00e6ldende for en aftale med Rand-Photography, samt benyttelse af hjemmesiden.\" \/>\n<meta name=\"robots\" content=\"index, follow, max-snippet:-1, max-image-preview:large, max-video-preview:-1\" \/>\n<link rel=\"canonical\" href=\"https:\/\/randphotography.dk\/index.php\/handelsbetingelser\/\" \/>\n<meta property=\"og:locale\" content=\"da_DK\" \/>\n<meta property=\"og:type\" content=\"article\" \/>\n<meta property=\"og:title\" content=\"Handelsbetingelser - RandPhotography\" \/>\n<meta property=\"og:description\" content=\"L\u00e6s de handelsbetingelser, der g\u00f8r sig g\u00e6ldende for en aftale med Rand-Photography, samt benyttelse af hjemmesiden.\" \/>\n<meta property=\"og:url\" content=\"https:\/\/randphotography.dk\/index.php\/handelsbetingelser\/\" \/>\n<meta property=\"og:site_name\" content=\"RandPhotography\" \/>\n<meta property=\"article:modified_time\" content=\"2024-05-03T13:04:59+00:00\" \/>\n<meta name=\"twitter:card\" content=\"summary_large_image\" \/>\n<meta name=\"twitter:label1\" content=\"Estimeret l\u00e6setid\" \/>\n\t<meta name=\"twitter:data1\" content=\"5 minutter\" \/>\n<script type=\"application\/ld+json\" class=\"yoast-schema-graph\">{\"@context\":\"https:\/\/schema.org\",\"@graph\":[{\"@type\":\"WebPage\",\"@id\":\"https:\/\/randphotography.dk\/index.php\/handelsbetingelser\/\",\"url\":\"https:\/\/randphotography.dk\/index.php\/handelsbetingelser\/\",\"name\":\"Handelsbetingelser - RandPhotography\",\"isPartOf\":{\"@id\":\"https:\/\/randphotography.dk\/#website\"},\"datePublished\":\"2024-04-24T11:03:36+00:00\",\"dateModified\":\"2024-05-03T13:04:59+00:00\",\"description\":\"L\u00e6s de handelsbetingelser, der g\u00f8r sig g\u00e6ldende for en aftale med Rand-Photography, samt benyttelse af hjemmesiden.\",\"breadcrumb\":{\"@id\":\"https:\/\/randphotography.dk\/index.php\/handelsbetingelser\/#breadcrumb\"},\"inLanguage\":\"da-DK\",\"potentialAction\":[{\"@type\":\"ReadAction\",\"target\":[\"https:\/\/randphotography.dk\/index.php\/handelsbetingelser\/\"]}]},{\"@type\":\"BreadcrumbList\",\"@id\":\"https:\/\/randphotography.dk\/index.php\/handelsbetingelser\/#breadcrumb\",\"itemListElement\":[{\"@type\":\"ListItem\",\"position\":1,\"name\":\"Hjem\",\"item\":\"https:\/\/randphotography.dk\/\"},{\"@type\":\"ListItem\",\"position\":2,\"name\":\"Handelsbetingelser\"}]},{\"@type\":\"WebSite\",\"@id\":\"https:\/\/randphotography.dk\/#website\",\"url\":\"https:\/\/randphotography.dk\/\",\"name\":\"Rand-Photography\",\"description\":\"\",\"publisher\":{\"@id\":\"https:\/\/randphotography.dk\/#organization\"},\"potentialAction\":[{\"@type\":\"SearchAction\",\"target\":{\"@type\":\"EntryPoint\",\"urlTemplate\":\"https:\/\/randphotography.dk\/?s={search_term_string}\"},\"query-input\":\"required name=search_term_string\"}],\"inLanguage\":\"da-DK\"},{\"@type\":\"Organization\",\"@id\":\"https:\/\/randphotography.dk\/#organization\",\"name\":\"Rand-Photography\",\"url\":\"https:\/\/randphotography.dk\/\",\"logo\":{\"@type\":\"ImageObject\",\"inLanguage\":\"da-DK\",\"@id\":\"https:\/\/randphotography.dk\/#\/schema\/logo\/image\/\",\"url\":\"https:\/\/randphotography.dk\/wp-content\/uploads\/2024\/04\/watermark-GULD.png\",\"contentUrl\":\"https:\/\/randphotography.dk\/wp-content\/uploads\/2024\/04\/watermark-GULD.png\",\"width\":3821,\"height\":3863,\"caption\":\"Rand-Photography\"},\"image\":{\"@id\":\"https:\/\/randphotography.dk\/#\/schema\/logo\/image\/\"}}]}<\/script>\n<!-- \/ Yoast SEO plugin. -->","yoast_head_json":{"title":"Handelsbetingelser - RandPhotography","description":"L\u00e6s de handelsbetingelser, der g\u00f8r sig g\u00e6ldende for en aftale med Rand-Photography, samt benyttelse af hjemmesiden.","robots":{"index":"index","follow":"follow","max-snippet":"max-snippet:-1","max-image-preview":"max-image-preview:large","max-video-preview":"max-video-preview:-1"},"canonical":"https:\/\/randphotography.dk\/index.php\/handelsbetingelser\/","og_locale":"da_DK","og_type":"article","og_title":"Handelsbetingelser - RandPhotography","og_description":"L\u00e6s de handelsbetingelser, der g\u00f8r sig g\u00e6ldende for en aftale med Rand-Photography, samt benyttelse af hjemmesiden.","og_url":"https:\/\/randphotography.dk\/index.php\/handelsbetingelser\/","og_site_name":"RandPhotography","article_modified_time":"2024-05-03T13:04:59+00:00","twitter_card":"summary_large_image","twitter_misc":{"Estimeret l\u00e6setid":"5 minutter"},"schema":{"@context":"https:\/\/schema.org","@graph":[{"@type":"WebPage","@id":"https:\/\/randphotography.dk\/index.php\/handelsbetingelser\/","url":"https:\/\/randphotography.dk\/index.php\/handelsbetingelser\/","name":"Handelsbetingelser - RandPhotography","isPartOf":{"@id":"https:\/\/randphotography.dk\/#website"},"datePublished":"2024-04-24T11:03:36+00:00","dateModified":"2024-05-03T13:04:59+00:00","description":"L\u00e6s de handelsbetingelser, der g\u00f8r sig g\u00e6ldende for en aftale med Rand-Photography, samt benyttelse af hjemmesiden.","breadcrumb":{"@id":"https:\/\/randphotography.dk\/index.php\/handelsbetingelser\/#breadcrumb"},"inLanguage":"da-DK","potentialAction":[{"@type":"ReadAction","target":["https:\/\/randphotography.dk\/index.php\/handelsbetingelser\/"]}]},{"@type":"BreadcrumbList","@id":"https:\/\/randphotography.dk\/index.php\/handelsbetingelser\/#breadcrumb","itemListElement":[{"@type":"ListItem","position":1,"name":"Hjem","item":"https:\/\/randphotography.dk\/"},{"@type":"ListItem","position":2,"name":"Handelsbetingelser"}]},{"@type":"WebSite","@id":"https:\/\/randphotography.dk\/#website","url":"https:\/\/randphotography.dk\/","name":"Rand-Photography","description":"","publisher":{"@id":"https:\/\/randphotography.dk\/#organization"},"potentialAction":[{"@type":"SearchAction","target":{"@type":"EntryPoint","urlTemplate":"https:\/\/randphotography.dk\/?s={search_term_string}"},"query-input":"required name=search_term_string"}],"inLanguage":"da-DK"},{"@type":"Organization","@id":"https:\/\/randphotography.dk\/#organization","name":"Rand-Photography","url":"https:\/\/randphotography.dk\/","logo":{"@type":"ImageObject","inLanguage":"da-DK","@id":"https:\/\/randphotography.dk\/#\/schema\/logo\/image\/","url":"https:\/\/randphotography.dk\/wp-content\/uploads\/2024\/04\/watermark-GULD.png","contentUrl":"https:\/\/randphotography.dk\/wp-content\/uploads\/2024\/04\/watermark-GULD.png","width":3821,"height":3863,"caption":"Rand-Photography"},"image":{"@id":"https:\/\/randphotography.dk\/#\/schema\/logo\/image\/"}}]}},"_links":{"self":[{"href":"https:\/\/randphotography.dk\/index.php\/wp-json\/wp\/v2\/pages\/234","targetHints":{"allow":["GET"]}}],"collection":[{"href":"https:\/\/randphotography.dk\/index.php\/wp-json\/wp\/v2\/pages"}],"about":[{"href":"https:\/\/randphotography.dk\/index.php\/wp-json\/wp\/v2\/types\/page"}],"author":[{"embeddable":true,"href":"https:\/\/randphotography.dk\/index.php\/wp-json\/wp\/v2\/users\/1"}],"replies":[{"embeddable":true,"href":"https:\/\/randphotography.dk\/index.php\/wp-json\/wp\/v2\/comments?post=234"}],"version-history":[{"count":61,"href":"https:\/\/randphotography.dk\/index.php\/wp-json\/wp\/v2\/pages\/234\/revisions"}],"predecessor-version":[{"id":568,"href":"https:\/\/randphotography.dk\/index.php\/wp-json\/wp\/v2\/pages\/234\/revisions\/568"}],"wp:attachment":[{"href":"https:\/\/randphotography.dk\/index.php\/wp-json\/wp\/v2\/media?parent=234"}],"curies":[{"name":"wp","href":"https:\/\/api.w.org\/{rel}","templated":true}]}}